{"id":1067,"date":"2019-02-04T11:49:46","date_gmt":"2019-02-04T11:49:46","guid":{"rendered":"http:\/\/residenciacondearesti.com\/?page_id=1067"},"modified":"2019-02-05T09:20:13","modified_gmt":"2019-02-05T09:20:13","slug":"lagundu-nahi-dut","status":"publish","type":"page","link":"https:\/\/residenciacondearesti.com\/eu\/lagundu-nahi-dut\/","title":{"rendered":"Lagundu nahi dut"},"content":{"rendered":"<div class=\"wpb-content-wrapper\"><p>[vc_row type=&#8221;vc_default&#8221; full_width=&#8221;stretch_row_content_no_spaces&#8221; equal_height=&#8221;yes&#8221; content_placement=&#8221;top&#8221; css=&#8221;.vc_custom_1495018816407{margin-top: -70px !important;}&#8221;][vc_column width=&#8221;1\/2&#8243; css=&#8221;.vc_custom_1492675889765{padding-right: 40px !important;padding-left: 40px !important;background-color: #f2f2f2 !important;}&#8221;][vc_empty_space height=&#8221;20px&#8221;][vc_column_text]<\/p>\n<h2 class=\"h3-size\" style=\"text-align: center;\"><span style=\"color: #0f3e4d;\">Diru-ekarpenak<\/span><\/h2>\n<p>[\/vc_column_text][vc_empty_space height=&#8221;10px&#8221;][vc_separator color=&#8221;custom&#8221; border_width=&#8221;3&#8243; el_width=&#8221;60&#8243; accent_color=&#8221;#0f3e4d&#8221;][vc_empty_space height=&#8221;50px&#8221;][vc_column_text]Diru-ekarpenek Conde de Aresti Egoitzari lagundu diezaiokete bere zereginean eta hauek noizean behin edo aldizkakoak izan daitezke. Ondareak eta donazioak egitea ere posibble da.<\/p>\n<p>Gure egoiliarrek baliabide onenak eskuratzeko aukera izango dute bere arreta asetzeko.<\/p>\n<p>&nbsp;<\/p>\n<p><strong>KUTXABANK<\/strong>. ES79 2095 0000 75 2204 0031 15<\/p>\n<p><strong>LA CAIXA<\/strong>. ES86 2100 0732 23 0200 6441 17<\/p>\n<p><strong>BBVA<\/strong>. ES97 0182 1290 31 0200 0122 81[\/vc_column_text][vc_empty_space]<div class=\"aio-icon-component    style_1\"><div id=\"Info-box-wrap-3256\" class=\"aio-icon-box left-icon\" style=\"\"  ><div class=\"aio-icon-left\"><div class=\"ult-just-icon-wrapper  \"><div class=\"align-icon\" style=\"text-align:center;\">\n<div class=\"aio-icon none \"  style=\"color:#0f3e4d;font-size:32px;display:inline-block;\">\n\t<i class=\"Defaults-heart\"><\/i>\n<\/div><\/div><\/div><\/div><div class=\"aio-ibd-block\"><div class=\"aio-icon-description ult-responsive\"  data-ultimate-target='#Info-box-wrap-3256 .aio-icon-description'  data-responsive-json-new='{\"font-size\":\"\",\"line-height\":\"\"}'  style=\"\"><span style=\"color: #0f3e4d;\">Gure egoiliarrek bizi kalitate batez gozatu ahal izango dute\u00a0<\/span><\/div> <!-- description --><\/div> <!-- aio-ibd-block --><\/div> <!-- aio-icon-box --><\/div> <!-- aio-icon-component --><div class=\"aio-icon-component    style_1\"><div id=\"Info-box-wrap-2419\" class=\"aio-icon-box left-icon\" style=\"\"  ><div class=\"aio-icon-left\"><div class=\"ult-just-icon-wrapper  \"><div class=\"align-icon\" style=\"text-align:center;\">\n<div class=\"aio-icon none \"  style=\"color:#0f3e4d;font-size:32px;display:inline-block;\">\n\t<i class=\"Defaults-puzzle-piece\"><\/i>\n<\/div><\/div><\/div><\/div><div class=\"aio-ibd-block\"><div class=\"aio-icon-description ult-responsive\"  data-ultimate-target='#Info-box-wrap-2419 .aio-icon-description'  data-responsive-json-new='{\"font-size\":\"\",\"line-height\":\"\"}'  style=\"\">Egoitzako proiektuak aurrera egin dezakete eta bideragarriak izan daitezke<\/p>\n<p><\/div> <!-- description --><\/div> <!-- aio-ibd-block --><\/div> <!-- aio-icon-box --><\/div> <!-- aio-icon-component --><div class=\"aio-icon-component    style_1\"><div id=\"Info-box-wrap-3917\" class=\"aio-icon-box left-icon\" style=\"\"  ><div class=\"aio-icon-left\"><div class=\"ult-just-icon-wrapper  \"><div class=\"align-icon\" style=\"text-align:center;\">\n<div class=\"aio-icon none \"  style=\"color:#0f3e4d;font-size:32px;display:inline-block;\">\n\t<i class=\"Defaults-lightbulb-o\"><\/i>\n<\/div><\/div><\/div><\/div><div class=\"aio-ibd-block\"><div class=\"aio-icon-description ult-responsive\"  data-ultimate-target='#Info-box-wrap-3917 .aio-icon-description'  data-responsive-json-new='{\"font-size\":\"\",\"line-height\":\"\"}'  style=\"\"><span style=\"color: #0f3e4d;\">Gure adinekoen zaintzan berritzen jarraitu ahal izango dugu<\/span><\/div> <!-- description --><\/div> <!-- aio-ibd-block --><\/div> <!-- aio-icon-box --><\/div> <!-- aio-icon-component -->[\/vc_column][vc_column width=&#8221;1\/2&#8243; css=&#8221;.vc_custom_1492775098936{padding-right: 30px !important;padding-left: 30px !important;background-color: #cfcfe8 !important;}&#8221;][vc_empty_space height=&#8221;20px&#8221;][vc_column_text]<\/p>\n<h2 class=\"h3-size\" style=\"text-align: center;\"><span style=\"color: #0f3e4d;\">Boluntariotza<\/span><\/h2>\n<p>[\/vc_column_text][vc_empty_space height=&#8221;10px&#8221;][vc_separator color=&#8221;custom&#8221; border_width=&#8221;3&#8243; el_width=&#8221;60&#8243; accent_color=&#8221;#0f3e4d&#8221;][vc_empty_space height=&#8221;50px&#8221;][vc_column_text]Pertsona era erakunde asko dira egoitzarekin elkarlanean dabiltzatenak,\u00a0 boluntariotza programaren bidez.<\/p>\n<p>[\/vc_column_text][vc_empty_space height=&#8221;20px&#8221;][vc_column_text el_class=&#8221;lista&#8221;]<\/p>\n<ul style=\"list-style-type: none;\">\n<li style=\"list-style-type: none;\">\n<ul style=\"list-style-type: none;\">\n<li><i class=\"fa fa-caret-right\" style=\"color: #0e3947;\"><\/i> <span style=\"color: #0e3947;\"><strong>C\u00e1ritas Diocesana de Bilbao,\u00a0<\/strong>bakardadean dauden egoiliarren laguntza programa.<\/span><\/li>\n<\/ul>\n<\/li>\n<\/ul>\n<p>&nbsp;<\/p>\n<ul style=\"list-style-type: none;\">\n<li style=\"list-style-type: none;\">\n<ul style=\"list-style-type: none;\">\n<li><i class=\"fa fa-caret-right\" style=\"color: #0e3947;\"><\/i> <span style=\"color: #0e3947;\"><strong>Cruz Roja de Bizkaia,\u00a0<\/strong>bakardadean dauden egoiliarren laguntza programa.<\/span><\/li>\n<\/ul>\n<p>&nbsp;<\/p>\n<ul style=\"list-style-type: none;\">\n<li><span style=\"color: #0e3947;\"><i class=\"fa fa-caret-right\" style=\"color: #0e3947;\"><\/i> <strong>Asociaci\u00f3n Argibe,<\/strong>\u00a0taldeko irteerak astero egiten dira, txangoak eta jarduera desberdinak.<\/span><\/li>\n<\/ul>\n<p>&nbsp;<\/p>\n<ul style=\"list-style-type: none;\">\n<li><span style=\"color: #0e3947;\"><i class=\"fa fa-caret-right\" style=\"color: #0e3947;\"><\/i> <strong>Universidad de Deusto<\/strong>, Gurekin elkarlanean eta, urte betez, laguntzen duten ikasle talde bat.\u00a0<\/span><\/li>\n<\/ul>\n<p>&nbsp;<\/p>\n<ul style=\"list-style-type: none;\">\n<li><span style=\"color: #0e3947;\"><i class=\"fa fa-caret-right\" style=\"color: #0e3947;\"><\/i> <strong>Hospital San Juan de Dios<\/strong>, zentro honekin laguntzeko hitzarmena dugu, bai muturreko egoeran dauden gaixoak zaintzeko eta bolondreseko\u00a0prestakuntzarako programa bat bere bizitzako azkenengo fasean dauden pertsonei laguntzeko.<\/span><\/li>\n<\/ul>\n<p>Laguntza proiektu zehatzetarako eta proiektu berriei ekiteko prest gaude.<\/li>\n<\/ul>\n<p>[\/vc_column_text][vc_empty_space height=&#8221;50px&#8221;][\/vc_column][\/vc_row][vc_row type=&#8221;vc_default&#8221; full_width=&#8221;stretch_row&#8221; content_placement=&#8221;middle&#8221; el_class=&#8221;fondo-cta&#8221; css=&#8221;.vc_custom_1495013624979{padding-top: 20px !important;padding-bottom: 40px !important;}&#8221;][vc_column][vc_column_text]<\/p>\n<p class=\"h1-size\" style=\"font-size: 40px; text-align: center;\">\u00a1Oso leku gutxi geratzen dira!<\/p>\n<p style=\"text-align: center;\">Gurekin harremanetan jarri zaitez<\/p>\n<p>[\/vc_column_text][vc_empty_space height=&#8221;30px&#8221;][vc_btn title=&#8221;HARREMANETAN JARRI&#8221; style=&#8221;custom&#8221; custom_background=&#8221;#0f3e4d&#8221; custom_text=&#8221;#ffffff&#8221; shape=&#8221;square&#8221; size=&#8221;lg&#8221; align=&#8221;center&#8221; link=&#8221;url:%2Feu%2Fkontaktua%2F|||&#8221;][\/vc_column][\/vc_row][vc_row type=&#8221;vc_default&#8221; full_width=&#8221;stretch_row&#8221; equal_height=&#8221;yes&#8221; content_placement=&#8221;top&#8221; bg_type=&#8221;bg_color&#8221; bg_color_value=&#8221;#bde9e6&#8243; css=&#8221;.vc_custom_1495013490548{margin-bottom: -70px !important;}&#8221;][vc_column][vc_row_inner][vc_column_inner width=&#8221;1\/6&#8243;][\/vc_column_inner][vc_column_inner width=&#8221;2\/3&#8243;][vc_empty_space height=&#8221;30px&#8221;][vc_column_text]<\/p>\n<h2 class=\"h3-size\" style=\"text-align: center;\"><span style=\"color: #0f3e4d;\">Lagundu nahi duzu?<\/span><\/h2>\n<p>[\/vc_column_text][vc_empty_space height=&#8221;10px&#8221;][vc_separator color=&#8221;custom&#8221; border_width=&#8221;3&#8243; el_width=&#8221;60&#8243; accent_color=&#8221;#0f3e4d&#8221;][vc_empty_space height=&#8221;30px&#8221;][\/vc_column_inner][vc_column_inner width=&#8221;1\/6&#8243;][\/vc_column_inner][\/vc_row_inner][vc_row_inner content_placement=&#8221;top&#8221; gap=&#8221;35&#8243;][vc_column_inner width=&#8221;1\/2&#8243; css=&#8221;.vc_custom_1492769148174{padding-right: 40px !important;padding-left: 40px !important;}&#8221;][vc_column_text]<span style=\"color: #0f3e4d;\">Zure kasua kontatu ahal diguzu edo zure zalantzak galdetu formulario honen bidez, eta berehala erantzungo dizugu.\u00a0 \u00a0 \u00a0 \u00a0<\/span>[\/vc_column_text][vc_empty_space height=&#8221;30px&#8221;]<div role=\"form\" class=\"wpcf7\" id=\"wpcf7-f1139-o1\" lang=\"es-ES\" dir=\"ltr\">\n<div class=\"screen-reader-response\"><p role=\"status\" aria-live=\"polite\" aria-atomic=\"true\"><\/p> <ul><\/ul><\/div>\n<form action=\"\/eu\/wp-json\/wp\/v2\/pages\/1067#wpcf7-f1139-o1\" method=\"post\" class=\"wpcf7-form init\" novalidate=\"novalidate\" data-status=\"init\">\n<div style=\"display: none;\">\n<input type=\"hidden\" name=\"_wpcf7\" value=\"1139\" \/>\n<input type=\"hidden\" name=\"_wpcf7_version\" value=\"5.6.3\" \/>\n<input type=\"hidden\" name=\"_wpcf7_locale\" value=\"es_ES\" \/>\n<input type=\"hidden\" name=\"_wpcf7_unit_tag\" value=\"wpcf7-f1139-o1\" \/>\n<input type=\"hidden\" name=\"_wpcf7_container_post\" value=\"0\" \/>\n<input type=\"hidden\" name=\"_wpcf7_posted_data_hash\" value=\"\" \/>\n<\/div>\n<p><span class=\"wpcf7-form-control-wrap\" data-name=\"nombre\"><input type=\"text\" name=\"nombre\" value=\"\" size=\"40\" class=\"wpcf7-form-control wpcf7-text wpcf7-validates-as-required\" aria-required=\"true\" aria-invalid=\"false\" placeholder=\"Izena*\" \/><\/span><br \/>\n<span class=\"wpcf7-form-control-wrap\" data-name=\"telefono\"><input type=\"tel\" name=\"telefono\" value=\"\" size=\"40\" class=\"wpcf7-form-control wpcf7-text wpcf7-tel wpcf7-validates-as-required wpcf7-validates-as-tel\" aria-required=\"true\" aria-invalid=\"false\" placeholder=\"Telefonoa*\" \/><\/span><br \/>\n<span class=\"wpcf7-form-control-wrap\" data-name=\"email\"><input type=\"email\" name=\"email\" value=\"\" size=\"40\" class=\"wpcf7-form-control wpcf7-text wpcf7-email wpcf7-validates-as-email\" aria-invalid=\"false\" placeholder=\"Posta elektronikoa\" \/><\/span><br \/>\n<span class=\"wpcf7-form-control-wrap\" data-name=\"colaboracion\"><select name=\"colaboracion\" class=\"wpcf7-form-control wpcf7-select wpcf7-validates-as-required\" aria-required=\"true\" aria-invalid=\"false\"><option value=\"\">Nola lagundu nahi duzu?<\/option><option value=\"Ekarpenak\">Ekarpenak<\/option><option value=\"Boluntariotza\">Boluntariotza<\/option><option value=\"Besteak\">Besteak<\/option><\/select><\/span><br \/>\n<span class=\"wpcf7-form-control-wrap\" data-name=\"mensaje\"><textarea name=\"mensaje\" cols=\"40\" rows=\"3\" class=\"wpcf7-form-control wpcf7-textarea\" aria-invalid=\"false\" placeholder=\"Mezua\"><\/textarea><\/span><br \/>\n<small>Conforme al Reglamento General de Protecci\u00f3n de Datos,  le informamos de que los datos suministrados en el presente formulario ser\u00e1n tratados de forma segura y confidencial con la finalidad de dar respuesta a su solicitud de informaci\u00f3n, dudas o consultas, valorar sus sugerencias, observaciones y dar respuesta a las posibles quejas o sugerencias que nos plantee. La legitimaci\u00f3n se realiza a trav\u00e9s del consentimiento del interesado.<br \/>\nPuedes ejercer los derechos de acceso, rectificaci\u00f3n, cancelaci\u00f3n y supresi\u00f3n y portabilidad de sus datos, y la limitaci\u00f3n u oposici\u00f3n a su tratamiento. Igualmente, tiene derecho a retirar el consentimiento prestado y a reclamar ante la Agencia Espa\u00f1ola de Protecci\u00f3n de Datos. Para ello dir\u00edjase por escrito al Responsable de Tratamiento: FUNDACION VIZCAINA DE CARIDAD \u2013 RESIDENCIA CONDE DE ARESTI, Calle Zabala 22, 48003 de Bilbao (Bizkaia) o  <a href=\"mailto:info@residenciacondearesti.com\">info@residenciacondearesti.com<\/a><br \/>\n <\/small><\/p>\n<p><span class=\"wpcf7-form-control-wrap\" data-name=\"acceptance-531\"><span class=\"wpcf7-form-control wpcf7-acceptance\"><span class=\"wpcf7-list-item\"><input type=\"checkbox\" name=\"acceptance-531\" value=\"1\" aria-invalid=\"false\" \/><\/span><\/span><\/span> <span class=\"acepto\" style=\"color:#0d3745;\">Bai, <a href=\"\/eu\/politica-de-privacidad\" style=\"color:#0d3745;\">datu pertsonalen babeserako baldintzak<\/a> onartzen ditut<\/span><\/p>\n<p style=\"color:#0d3745;\">Zelai nabariak (*) dira nahitaezkoak<\/p>\n<p><input type=\"submit\" value=\"Enviar\" class=\"wpcf7-form-control has-spinner wpcf7-submit\" \/><\/p>\n<p style=\"display: none !important;\"><label>&#916;<textarea name=\"_wpcf7_ak_hp_textarea\" cols=\"45\" rows=\"8\" maxlength=\"100\"><\/textarea><\/label><input type=\"hidden\" id=\"ak_js_1\" name=\"_wpcf7_ak_js\" value=\"172\"\/><script>document.getElementById( \"ak_js_1\" ).setAttribute( \"value\", ( new Date() ).getTime() );<\/script><\/p><div class=\"wpcf7-response-output\" aria-hidden=\"true\"><\/div><\/form><\/div>[\/vc_column_inner][vc_column_inner width=&#8221;1\/2&#8243;][vc_column_text]<span style=\"color: #0f3e4d;\">Conde de Aresti Egoitzarekin ere jar zaitezke harremanetan, ondoko bitartekoekin:\u00a0<\/span>[\/vc_column_text][vc_empty_space height=&#8221;30px&#8221;]<div class=\"aio-icon-component    style_1\"><div id=\"Info-box-wrap-2522\" class=\"aio-icon-box left-icon\" style=\"\"  ><div class=\"aio-icon-left\"><div class=\"ult-just-icon-wrapper  \"><div class=\"align-icon\" style=\"text-align:center;\">\n<div class=\"aio-icon circle \"  style=\"color:#ffffff;background:#2ea8a0;font-size:25px;display:inline-block;\">\n\t<i class=\"Defaults-map-marker\"><\/i>\n<\/div><\/div><\/div><\/div><div class=\"aio-ibd-block\"><div class=\"aio-icon-description ult-responsive\"  data-ultimate-target='#Info-box-wrap-2522 .aio-icon-description'  data-responsive-json-new='{\"font-size\":\"\",\"line-height\":\"\"}'  style=\"\"><span style=\"color: #0f3e4d;\">Bruno Mauricio Zabala, 22<\/span><br \/>\n<span style=\"color: #0f3e4d;\">48003 Bilbo, Bizkaia<\/span><\/div> <!-- description --><\/div> <!-- aio-ibd-block --><\/div> <!-- aio-icon-box --><\/div> <!-- aio-icon-component --><div class=\"aio-icon-component    style_1\"><div id=\"Info-box-wrap-8766\" class=\"aio-icon-box left-icon\" style=\"\"  ><div class=\"aio-icon-left\"><div class=\"ult-just-icon-wrapper  \"><div class=\"align-icon\" style=\"text-align:center;\">\n<div class=\"aio-icon circle \"  style=\"color:#ffffff;background:#2ea8a0;font-size:25px;display:inline-block;\">\n\t<i class=\"Defaults-phone\"><\/i>\n<\/div><\/div><\/div><\/div><div class=\"aio-ibd-block\"><div class=\"aio-icon-description ult-responsive\"  data-ultimate-target='#Info-box-wrap-8766 .aio-icon-description'  data-responsive-json-new='{\"font-size\":\"\",\"line-height\":\"\"}'  style=\"\"><a style=\"color: #0f3e4d; text-decoration: none;\" href=\"tel:+34944156092\">944 156 092<\/a><\/div> <!-- description --><\/div> <!-- aio-ibd-block --><\/div> <!-- aio-icon-box --><\/div> <!-- aio-icon-component --><div class=\"aio-icon-component    style_1\"><div id=\"Info-box-wrap-8711\" class=\"aio-icon-box left-icon\" style=\"\"  ><div class=\"aio-icon-left\"><div class=\"ult-just-icon-wrapper  \"><div class=\"align-icon\" style=\"text-align:center;\">\n<div class=\"aio-icon circle \"  style=\"color:#ffffff;background:#2ea8a0;font-size:25px;display:inline-block;\">\n\t<i class=\"Defaults-envelope\"><\/i>\n<\/div><\/div><\/div><\/div><div class=\"aio-ibd-block\"><div class=\"aio-icon-description ult-responsive\"  data-ultimate-target='#Info-box-wrap-8711 .aio-icon-description'  data-responsive-json-new='{\"font-size\":\"\",\"line-height\":\"\"}'  style=\"\"><a style=\"color: #0f3e4d; text-decoration: none;\" href=\"mailto:info@residenciacondearesti.com\">info@residenciacondearesti.com<\/a><\/div> <!-- description --><\/div> <!-- aio-ibd-block --><\/div> <!-- aio-icon-box --><\/div> <!-- aio-icon-component --><div class=\"aio-icon-component    style_1\"><div id=\"Info-box-wrap-5033\" class=\"aio-icon-box left-icon\" style=\"\"  ><div class=\"aio-icon-left\"><div class=\"ult-just-icon-wrapper  \"><div class=\"align-icon\" style=\"text-align:center;\">\n<div class=\"aio-icon circle \"  style=\"color:#ffffff;background:#2ea8a0;font-size:25px;display:inline-block;\">\n\t<i class=\"Defaults-bus\"><\/i>\n<\/div><\/div><\/div><\/div><div class=\"aio-ibd-block\"><div class=\"aio-icon-description ult-responsive\"  data-ultimate-target='#Info-box-wrap-5033 .aio-icon-description'  data-responsive-json-new='{\"font-size\":\"\",\"line-height\":\"\"}'  style=\"\">Bilbobus 30 zenbakiak (garraio egokitua) egoitzako sarrera berberan dauka geltokia. Bilbao-Santurtzi eta Muskiz\u00a0 RENFE tren zerbitzua 100 metrora (Zabalburu geltokia).<\/p>\n<p><\/div> <!-- description --><\/div> <!-- aio-ibd-block --><\/div> <!-- aio-icon-box --><\/div> <!-- aio-icon-component -->[\/vc_column_inner][\/vc_row_inner][\/vc_column][\/vc_row][vc_row][vc_column][vc_column_text]<\/p>\n<p>[\/vc_column_text][\/vc_column][\/vc_row]<\/p>\n<\/div>","protected":false},"excerpt":{"rendered":"<p>[vc_row type=&#8221;vc_default&#8221; full_width=&#8221;stretch_row_content_no_spaces&#8221; equal_height=&#8221;yes&#8221; content_placement=&#8221;top&#8221; css=&#8221;.vc_custom_1495018816407{margin-top: -70px !important;}&#8221;][vc_column width=&#8221;1\/2&#8243; css=&#8221;.vc_custom_1492675889765{padding-right: 40px !important;padding-left: 40px !important;background-color: #f2f2f2 !important;}&#8221;][vc_empty_space height=&#8221;20px&#8221;][vc_column_text] Diru-ekarpenak [\/vc_column_text][vc_empty_space height=&#8221;10px&#8221;][vc_separator color=&#8221;custom&#8221; border_width=&#8221;3&#8243; el_width=&#8221;60&#8243; accent_color=&#8221;#0f3e4d&#8221;][vc_empty_space height=&#8221;50px&#8221;][vc_column_text]Diru-ekarpenek Conde de Aresti Egoitzari lagundu diezaiokete bere zereginean eta hauek noizean behin edo aldizkakoak izan daitezke. Ondareak eta donazioak egitea ere posibble da. Gure egoiliarrek baliabide onenak eskuratzeko aukera izango&hellip;<\/p>\n","protected":false},"author":9192193,"featured_media":0,"parent":0,"menu_order":0,"comment_status":"closed","ping_status":"closed","template":"","meta":[],"yoast_head":"<!-- This site is optimized with the Yoast SEO plugin v19.8 - https:\/\/yoast.com\/wordpress\/plugins\/seo\/ -->\n<title>Lagundu nahi dut - Conde Aresti<\/title>\n<meta name=\"robots\" content=\"index, follow, max-snippet:-1, max-image-preview:large, max-video-preview:-1\" \/>\n<link rel=\"canonical\" href=\"https:\/\/residenciacondearesti.com\/eu\/lagundu-nahi-dut\/\" \/>\n<meta property=\"og:locale\" content=\"eu_ES\" \/>\n<meta property=\"og:type\" content=\"article\" \/>\n<meta property=\"og:title\" content=\"Lagundu nahi dut - Conde Aresti\" \/>\n<meta property=\"og:description\" content=\"[vc_row type=&#8221;vc_default&#8221; full_width=&#8221;stretch_row_content_no_spaces&#8221; equal_height=&#8221;yes&#8221; content_placement=&#8221;top&#8221; css=&#8221;.vc_custom_1495018816407{margin-top: -70px !important;}&#8221;][vc_column width=&#8221;1\/2&#8243; css=&#8221;.vc_custom_1492675889765{padding-right: 40px !important;padding-left: 40px !important;background-color: #f2f2f2 !important;}&#8221;][vc_empty_space height=&#8221;20px&#8221;][vc_column_text] Diru-ekarpenak [\/vc_column_text][vc_empty_space height=&#8221;10px&#8221;][vc_separator color=&#8221;custom&#8221; border_width=&#8221;3&#8243; el_width=&#8221;60&#8243; accent_color=&#8221;#0f3e4d&#8221;][vc_empty_space height=&#8221;50px&#8221;][vc_column_text]Diru-ekarpenek Conde de Aresti Egoitzari lagundu diezaiokete bere zereginean eta hauek noizean behin edo aldizkakoak izan daitezke. Ondareak eta donazioak egitea ere posibble da. Gure egoiliarrek baliabide onenak eskuratzeko aukera izango&hellip;\" \/>\n<meta property=\"og:url\" content=\"https:\/\/residenciacondearesti.com\/eu\/lagundu-nahi-dut\/\" \/>\n<meta property=\"og:site_name\" content=\"Conde Aresti\" \/>\n<meta property=\"article:modified_time\" content=\"2019-02-05T09:20:13+00:00\" \/>\n<meta name=\"twitter:label1\" content=\"Est. reading time\" \/>\n\t<meta name=\"twitter:data1\" content=\"4 minutes\" \/>\n<script type=\"application\/ld+json\" class=\"yoast-schema-graph\">{\"@context\":\"https:\/\/schema.org\",\"@graph\":[{\"@type\":\"WebPage\",\"@id\":\"https:\/\/residenciacondearesti.com\/eu\/lagundu-nahi-dut\/\",\"url\":\"https:\/\/residenciacondearesti.com\/eu\/lagundu-nahi-dut\/\",\"name\":\"Lagundu nahi dut - Conde Aresti\",\"isPartOf\":{\"@id\":\"https:\/\/residenciacondearesti.com\/#website\"},\"datePublished\":\"2019-02-04T11:49:46+00:00\",\"dateModified\":\"2019-02-05T09:20:13+00:00\",\"breadcrumb\":{\"@id\":\"https:\/\/residenciacondearesti.com\/eu\/lagundu-nahi-dut\/#breadcrumb\"},\"inLanguage\":\"eu-ES\",\"potentialAction\":[{\"@type\":\"ReadAction\",\"target\":[\"https:\/\/residenciacondearesti.com\/eu\/lagundu-nahi-dut\/\"]}]},{\"@type\":\"BreadcrumbList\",\"@id\":\"https:\/\/residenciacondearesti.com\/eu\/lagundu-nahi-dut\/#breadcrumb\",\"itemListElement\":[{\"@type\":\"ListItem\",\"position\":1,\"name\":\"Portada\",\"item\":\"https:\/\/residenciacondearesti.com\/eu\/\"},{\"@type\":\"ListItem\",\"position\":2,\"name\":\"Lagundu nahi dut\"}]},{\"@type\":\"WebSite\",\"@id\":\"https:\/\/residenciacondearesti.com\/#website\",\"url\":\"https:\/\/residenciacondearesti.com\/\",\"name\":\"Conde Aresti\",\"description\":\"CAMBIAR SUBDESCRIPCION\",\"potentialAction\":[{\"@type\":\"SearchAction\",\"target\":{\"@type\":\"EntryPoint\",\"urlTemplate\":\"https:\/\/residenciacondearesti.com\/?s={search_term_string}\"},\"query-input\":\"required name=search_term_string\"}],\"inLanguage\":\"eu-ES\"}]}<\/script>\n<!-- \/ Yoast SEO plugin. -->","yoast_head_json":{"title":"Lagundu nahi dut - Conde Aresti","robots":{"index":"index","follow":"follow","max-snippet":"max-snippet:-1","max-image-preview":"max-image-preview:large","max-video-preview":"max-video-preview:-1"},"canonical":"https:\/\/residenciacondearesti.com\/eu\/lagundu-nahi-dut\/","og_locale":"eu_ES","og_type":"article","og_title":"Lagundu nahi dut - Conde Aresti","og_description":"[vc_row type=&#8221;vc_default&#8221; full_width=&#8221;stretch_row_content_no_spaces&#8221; equal_height=&#8221;yes&#8221; content_placement=&#8221;top&#8221; css=&#8221;.vc_custom_1495018816407{margin-top: -70px !important;}&#8221;][vc_column width=&#8221;1\/2&#8243; css=&#8221;.vc_custom_1492675889765{padding-right: 40px !important;padding-left: 40px !important;background-color: #f2f2f2 !important;}&#8221;][vc_empty_space height=&#8221;20px&#8221;][vc_column_text] Diru-ekarpenak [\/vc_column_text][vc_empty_space height=&#8221;10px&#8221;][vc_separator color=&#8221;custom&#8221; border_width=&#8221;3&#8243; el_width=&#8221;60&#8243; accent_color=&#8221;#0f3e4d&#8221;][vc_empty_space height=&#8221;50px&#8221;][vc_column_text]Diru-ekarpenek Conde de Aresti Egoitzari lagundu diezaiokete bere zereginean eta hauek noizean behin edo aldizkakoak izan daitezke. Ondareak eta donazioak egitea ere posibble da. Gure egoiliarrek baliabide onenak eskuratzeko aukera izango&hellip;","og_url":"https:\/\/residenciacondearesti.com\/eu\/lagundu-nahi-dut\/","og_site_name":"Conde Aresti","article_modified_time":"2019-02-05T09:20:13+00:00","twitter_misc":{"Est. reading time":"4 minutes"},"schema":{"@context":"https:\/\/schema.org","@graph":[{"@type":"WebPage","@id":"https:\/\/residenciacondearesti.com\/eu\/lagundu-nahi-dut\/","url":"https:\/\/residenciacondearesti.com\/eu\/lagundu-nahi-dut\/","name":"Lagundu nahi dut - Conde Aresti","isPartOf":{"@id":"https:\/\/residenciacondearesti.com\/#website"},"datePublished":"2019-02-04T11:49:46+00:00","dateModified":"2019-02-05T09:20:13+00:00","breadcrumb":{"@id":"https:\/\/residenciacondearesti.com\/eu\/lagundu-nahi-dut\/#breadcrumb"},"inLanguage":"eu-ES","potentialAction":[{"@type":"ReadAction","target":["https:\/\/residenciacondearesti.com\/eu\/lagundu-nahi-dut\/"]}]},{"@type":"BreadcrumbList","@id":"https:\/\/residenciacondearesti.com\/eu\/lagundu-nahi-dut\/#breadcrumb","itemListElement":[{"@type":"ListItem","position":1,"name":"Portada","item":"https:\/\/residenciacondearesti.com\/eu\/"},{"@type":"ListItem","position":2,"name":"Lagundu nahi dut"}]},{"@type":"WebSite","@id":"https:\/\/residenciacondearesti.com\/#website","url":"https:\/\/residenciacondearesti.com\/","name":"Conde Aresti","description":"CAMBIAR SUBDESCRIPCION","potentialAction":[{"@type":"SearchAction","target":{"@type":"EntryPoint","urlTemplate":"https:\/\/residenciacondearesti.com\/?s={search_term_string}"},"query-input":"required name=search_term_string"}],"inLanguage":"eu-ES"}]}},"_links":{"self":[{"href":"https:\/\/residenciacondearesti.com\/eu\/wp-json\/wp\/v2\/pages\/1067"}],"collection":[{"href":"https:\/\/residenciacondearesti.com\/eu\/wp-json\/wp\/v2\/pages"}],"about":[{"href":"https:\/\/residenciacondearesti.com\/eu\/wp-json\/wp\/v2\/types\/page"}],"author":[{"embeddable":true,"href":"https:\/\/residenciacondearesti.com\/eu\/wp-json\/wp\/v2\/users\/9192193"}],"replies":[{"embeddable":true,"href":"https:\/\/residenciacondearesti.com\/eu\/wp-json\/wp\/v2\/comments?post=1067"}],"version-history":[{"count":0,"href":"https:\/\/residenciacondearesti.com\/eu\/wp-json\/wp\/v2\/pages\/1067\/revisions"}],"wp:attachment":[{"href":"https:\/\/residenciacondearesti.com\/eu\/wp-json\/wp\/v2\/media?parent=1067"}],"curies":[{"name":"wp","href":"https:\/\/api.w.org\/{rel}","templated":true}]}}